{"id":2257,"date":"2023-09-27T19:16:06","date_gmt":"2023-09-27T19:16:06","guid":{"rendered":"https:\/\/exposiciones.cervantes.es\/espaciosocupados\/?page_id=2257"},"modified":"2023-10-02T16:07:23","modified_gmt":"2023-10-02T16:07:23","slug":"default","status":"publish","type":"page","link":"https:\/\/exposiciones.cervantes.es\/espaciosocupados\/","title":{"rendered":"Espacios Ocupados"},"content":{"rendered":"<p>El Programa Espacios Ocupados comprende una serie de proyectos art\u00edsticos, hasta este momento 19,  generados desde la red de centros del Instituto Cervantes a trav\u00e9s del di\u00e1logo con los contextos locales.<\/p>\n<p>Comenz\u00f3 en el a\u00f1o 2021 y sigue creciendo, con el prop\u00f3sito de componer una extensa plataforma que contribuya a promocionar el conocimiento del arte contempor\u00e1neo espa\u00f1ol y a sus creadores y creadoras.<\/p>\n","protected":false},"excerpt":{"rendered":"<p>El Programa Espacios Ocupados comprende una serie de proyectos art\u00edsticos, hasta este momento 19, generados desde la red de centros del Instituto Cervantes a trav\u00e9s del di\u00e1logo con los contextos locales. Comenz\u00f3 en el a\u00f1o 2021 y sigue creciendo, con el prop\u00f3sito de componer una extensa plataforma que contribuya a promocionar el conocimiento del arte [&hellip;]<\/p>\n","protected":false},"author":1,"featured_media":0,"parent":0,"menu_order":0,"comment_status":"closed","ping_status":"closed","template":"","meta":{"footnotes":""},"class_list":["post-2257","page","type-page","status-publish","hentry"],"_links":{"self":[{"href":"https:\/\/exposiciones.cervantes.es\/espaciosocupados\/wp-json\/wp\/v2\/pages\/2257","targetHints":{"allow":["GET"]}}],"collection":[{"href":"https:\/\/exposiciones.cervantes.es\/espaciosocupados\/wp-json\/wp\/v2\/pages"}],"about":[{"href":"https:\/\/exposiciones.cervantes.es\/espaciosocupados\/wp-json\/wp\/v2\/types\/page"}],"author":[{"embeddable":true,"href":"https:\/\/exposiciones.cervantes.es\/espaciosocupados\/wp-json\/wp\/v2\/users\/1"}],"replies":[{"embeddable":true,"href":"https:\/\/exposiciones.cervantes.es\/espaciosocupados\/wp-json\/wp\/v2\/comments?post=2257"}],"version-history":[{"count":4,"href":"https:\/\/exposiciones.cervantes.es\/espaciosocupados\/wp-json\/wp\/v2\/pages\/2257\/revisions"}],"predecessor-version":[{"id":2338,"href":"https:\/\/exposiciones.cervantes.es\/espaciosocupados\/wp-json\/wp\/v2\/pages\/2257\/revisions\/2338"}],"wp:attachment":[{"href":"https:\/\/exposiciones.cervantes.es\/espaciosocupados\/wp-json\/wp\/v2\/media?parent=2257"}],"curies":[{"name":"wp","href":"https:\/\/api.w.org\/{rel}","templated":true}]}}